{"id":965,"date":"2024-10-21T10:16:14","date_gmt":"2024-10-21T08:16:14","guid":{"rendered":"https:\/\/vestige-capital.fr\/?page_id=965"},"modified":"2024-10-21T10:26:59","modified_gmt":"2024-10-21T08:26:59","slug":"mentions-legales","status":"publish","type":"page","link":"https:\/\/vestige-capital.fr\/index.php\/mentions-legales\/","title":{"rendered":"Mentions l\u00e9gales"},"content":{"rendered":"\t\t<div data-elementor-type=\"wp-page\" data-elementor-id=\"965\" class=\"elementor elementor-965\" data-elementor-post-type=\"page\">\n\t\t\t\t<div class=\"elementor-element elementor-element-e1d84ff e-flex e-con-boxed e-con e-parent\" data-id=\"e1d84ff\" data-element_type=\"container\" data-e-type=\"container\" data-settings=\"{&quot;background_background&quot;:&quot;classic&quot;}\">\n\t\t\t\t\t<div class=\"e-con-inner\">\n\t\t\t\t<div class=\"elementor-element elementor-element-0897ea5 elementor-widget elementor-widget-heading\" data-id=\"0897ea5\" data-element_type=\"widget\" data-e-type=\"widget\" data-widget_type=\"heading.default\">\n\t\t\t\t<div class=\"elementor-widget-container\">\n\t\t\t\t\t<h2 class=\"elementor-heading-title elementor-size-default\">Mentions l\u00e9gales<\/h2>\t\t\t\t<\/div>\n\t\t\t\t<\/div>\n\t\t\t\t\t<\/div>\n\t\t\t\t<\/div>\n\t\t<div class=\"elementor-element elementor-element-c51bfbf e-con-full e-flex e-con e-parent\" data-id=\"c51bfbf\" data-element_type=\"container\" data-e-type=\"container\">\n\t\t\t\t<div class=\"elementor-element elementor-element-3283c28 elementor-widget elementor-widget-text-editor\" data-id=\"3283c28\" data-element_type=\"widget\" data-e-type=\"widget\" data-widget_type=\"text-editor.default\">\n\t\t\t\t<div class=\"elementor-widget-container\">\n\t\t\t\t\t\t\t\t\t<p><strong>\u00c9diteur du site :<\/strong><\/p><p>Le pr\u00e9sent site est \u00e9dit\u00e9 par la soci\u00e9t\u00e9 Vestige Capital, Soci\u00e9t\u00e9 par actions simplifi\u00e9e (SAS), au capital social de 1 000 \u20ac, immatricul\u00e9e au Registre du Commerce et des Soci\u00e9t\u00e9s (RCS) de Dijon sous le num\u00e9ro 932 176 514 R.C.S. Dijon.<\/p><p><strong>Si\u00e8ge social :<\/strong><\/p><p>10 impasse du petit montant, 21110 Magny-sur-Tille, France.<\/p><p><strong>Directeur de la publication :<\/strong><br \/>Monsieur Jules BOURGEON, Pr\u00e9sident de Vestige Capital.<br \/>Contact : contact@vestige-capital.fr<\/p><p><strong>H\u00e9bergeur du site :<\/strong><\/p><p>Le site est h\u00e9berg\u00e9 par OVH Cloud.<br \/>Adresse : 2, rue Kellermann, 59100 Roubaix.<br \/>T\u00e9l\u00e9phone : 09 72 10 10 07<br \/>Site web : https:\/\/www.ovhcloud.com\/fr\/<\/p><p><strong>Propri\u00e9t\u00e9 intellectuelle :<\/strong><\/p><p>Tous les contenus pr\u00e9sents sur le site (textes, images, graphiques, logos, etc.) sont la propri\u00e9t\u00e9 exclusive de Vestige Capital ou de ses partenaires, sauf mention contraire. Toute reproduction, distribution, modification ou exploitation non autoris\u00e9e est interdite.<\/p><p><strong>Collecte des donn\u00e9es personnelles :<\/strong><\/p><p>Les informations recueillies sur le site sont collect\u00e9es et trait\u00e9es conform\u00e9ment \u00e0 la loi n\u00b078-17 du 6 janvier 1978 modifi\u00e9e relative \u00e0 l&#8217;informatique, aux fichiers et aux libert\u00e9s. Conform\u00e9ment \u00e0 cette loi, vous disposez d\u2019un droit d\u2019acc\u00e8s, de rectification, de suppression et d\u2019opposition aux donn\u00e9es personnelles vous concernant. Pour exercer ce droit, veuillez envoyer un email \u00e0 contact@vestige-capital.fr.<\/p><p><strong>Responsabilit\u00e9 :<\/strong><\/p><p>Vestige Capital s\u2019efforce d\u2019assurer au mieux l\u2019exactitude des informations diffus\u00e9es sur le site. Toutefois, elle ne peut garantir l\u2019exactitude, la compl\u00e9tude ou l&#8217;actualit\u00e9 des informations mises \u00e0 disposition. Vestige Capital ne saurait \u00eatre tenue pour responsable des erreurs ou omissions, ni des dommages directs ou indirects r\u00e9sultant de l&#8217;utilisation des informations contenues sur le site.<\/p><p><strong>Liens hypertextes :<\/strong><\/p><p>Le site peut contenir des liens vers des sites externes. Vestige Capital n\u2019a pas le contr\u00f4le sur ces sites et ne saurait \u00eatre tenue pour responsable de leur contenu.<\/p><p><strong>Cookies :<\/strong><\/p><p>Le site utilise des cookies afin d&#8217;am\u00e9liorer l&#8217;exp\u00e9rience utilisateur. Vous avez la possibilit\u00e9 de g\u00e9rer les cookies via les param\u00e8tres de votre navigateur.<\/p><p><strong>Droit applicable :<\/strong><\/p><p>Les pr\u00e9sentes mentions l\u00e9gales sont r\u00e9gies par la loi fran\u00e7aise. En cas de litige, les tribunaux comp\u00e9tents seront ceux de la juridiction de Dijon.<\/p>\t\t\t\t\t\t\t\t<\/div>\n\t\t\t\t<\/div>\n\t\t\t\t<\/div>\n\t\t\t\t<\/div>\n\t\t","protected":false},"excerpt":{"rendered":"<p>Mentions l\u00e9gales \u00c9diteur du site : Le pr\u00e9sent site est \u00e9dit\u00e9 par la soci\u00e9t\u00e9 Vestige Capital, Soci\u00e9t\u00e9 par actions simplifi\u00e9e (SAS), au capital social de 1 000 \u20ac, immatricul\u00e9e au Registre du Commerce et des Soci\u00e9t\u00e9s (RCS) de Dijon sous le num\u00e9ro 932 176 514 R.C.S. Dijon. Si\u00e8ge social : 10 impasse du petit montant, [&hellip;]<\/p>\n","protected":false},"author":1,"featured_media":0,"parent":0,"menu_order":0,"comment_status":"closed","ping_status":"closed","template":"elementor_header_footer","meta":{"footnotes":""},"class_list":["post-965","page","type-page","status-publish","hentry","entry"],"yoast_head":"<!-- This site is optimized with the Yoast SEO plugin v27.3 - https:\/\/yoast.com\/product\/yoast-seo-wordpress\/ -->\n<title>Mentions l\u00e9gales - Vestige<\/title>\n<meta name=\"robots\" content=\"index, follow, max-snippet:-1, max-image-preview:large, max-video-preview:-1\" \/>\n<link rel=\"canonical\" href=\"https:\/\/vestige-capital.fr\/index.php\/mentions-legales\/\" \/>\n<meta property=\"og:locale\" content=\"en_US\" \/>\n<meta property=\"og:type\" content=\"article\" \/>\n<meta property=\"og:title\" content=\"Mentions l\u00e9gales - Vestige\" \/>\n<meta property=\"og:description\" content=\"Mentions l\u00e9gales \u00c9diteur du site : Le pr\u00e9sent site est \u00e9dit\u00e9 par la soci\u00e9t\u00e9 Vestige Capital, Soci\u00e9t\u00e9 par actions simplifi\u00e9e (SAS), au capital social de 1 000 \u20ac, immatricul\u00e9e au Registre du Commerce et des Soci\u00e9t\u00e9s (RCS) de Dijon sous le num\u00e9ro 932 176 514 R.C.S. Dijon. Si\u00e8ge social : 10 impasse du petit montant, [&hellip;]\" \/>\n<meta property=\"og:url\" content=\"https:\/\/vestige-capital.fr\/index.php\/mentions-legales\/\" \/>\n<meta property=\"og:site_name\" content=\"Vestige\" \/>\n<meta property=\"article:modified_time\" content=\"2024-10-21T08:26:59+00:00\" \/>\n<meta name=\"twitter:card\" content=\"summary_large_image\" \/>\n<meta name=\"twitter:label1\" content=\"Est. reading time\" \/>\n\t<meta name=\"twitter:data1\" content=\"2 minutes\" \/>\n<script type=\"application\/ld+json\" class=\"yoast-schema-graph\">{\"@context\":\"https:\\\/\\\/schema.org\",\"@graph\":[{\"@type\":\"WebPage\",\"@id\":\"https:\\\/\\\/vestige-capital.fr\\\/index.php\\\/mentions-legales\\\/\",\"url\":\"https:\\\/\\\/vestige-capital.fr\\\/index.php\\\/mentions-legales\\\/\",\"name\":\"Mentions l\u00e9gales - Vestige\",\"isPartOf\":{\"@id\":\"https:\\\/\\\/vestige-capital.fr\\\/#website\"},\"datePublished\":\"2024-10-21T08:16:14+00:00\",\"dateModified\":\"2024-10-21T08:26:59+00:00\",\"breadcrumb\":{\"@id\":\"https:\\\/\\\/vestige-capital.fr\\\/index.php\\\/mentions-legales\\\/#breadcrumb\"},\"inLanguage\":\"en-US\",\"potentialAction\":[{\"@type\":\"ReadAction\",\"target\":[\"https:\\\/\\\/vestige-capital.fr\\\/index.php\\\/mentions-legales\\\/\"]}]},{\"@type\":\"BreadcrumbList\",\"@id\":\"https:\\\/\\\/vestige-capital.fr\\\/index.php\\\/mentions-legales\\\/#breadcrumb\",\"itemListElement\":[{\"@type\":\"ListItem\",\"position\":1,\"name\":\"Accueil\",\"item\":\"https:\\\/\\\/vestige-capital.fr\\\/\"},{\"@type\":\"ListItem\",\"position\":2,\"name\":\"Mentions l\u00e9gales\"}]},{\"@type\":\"WebSite\",\"@id\":\"https:\\\/\\\/vestige-capital.fr\\\/#website\",\"url\":\"https:\\\/\\\/vestige-capital.fr\\\/\",\"name\":\"Vestige\",\"description\":\"R\u00e9inventer l&#039;immobilier en valorisant le patrimoine\u200b\",\"publisher\":{\"@id\":\"https:\\\/\\\/vestige-capital.fr\\\/#organization\"},\"potentialAction\":[{\"@type\":\"SearchAction\",\"target\":{\"@type\":\"EntryPoint\",\"urlTemplate\":\"https:\\\/\\\/vestige-capital.fr\\\/?s={search_term_string}\"},\"query-input\":{\"@type\":\"PropertyValueSpecification\",\"valueRequired\":true,\"valueName\":\"search_term_string\"}}],\"inLanguage\":\"en-US\"},{\"@type\":\"Organization\",\"@id\":\"https:\\\/\\\/vestige-capital.fr\\\/#organization\",\"name\":\"Vestige\",\"url\":\"https:\\\/\\\/vestige-capital.fr\\\/\",\"logo\":{\"@type\":\"ImageObject\",\"inLanguage\":\"en-US\",\"@id\":\"https:\\\/\\\/vestige-capital.fr\\\/#\\\/schema\\\/logo\\\/image\\\/\",\"url\":\"https:\\\/\\\/vestige-capital.fr\\\/wp-content\\\/uploads\\\/2024\\\/09\\\/logo_complet_blanc-e1726647750405.png\",\"contentUrl\":\"https:\\\/\\\/vestige-capital.fr\\\/wp-content\\\/uploads\\\/2024\\\/09\\\/logo_complet_blanc-e1726647750405.png\",\"width\":2095,\"height\":335,\"caption\":\"Vestige\"},\"image\":{\"@id\":\"https:\\\/\\\/vestige-capital.fr\\\/#\\\/schema\\\/logo\\\/image\\\/\"}}]}<\/script>\n<!-- \/ Yoast SEO plugin. -->","yoast_head_json":{"title":"Mentions l\u00e9gales - Vestige","robots":{"index":"index","follow":"follow","max-snippet":"max-snippet:-1","max-image-preview":"max-image-preview:large","max-video-preview":"max-video-preview:-1"},"canonical":"https:\/\/vestige-capital.fr\/index.php\/mentions-legales\/","og_locale":"en_US","og_type":"article","og_title":"Mentions l\u00e9gales - Vestige","og_description":"Mentions l\u00e9gales \u00c9diteur du site : Le pr\u00e9sent site est \u00e9dit\u00e9 par la soci\u00e9t\u00e9 Vestige Capital, Soci\u00e9t\u00e9 par actions simplifi\u00e9e (SAS), au capital social de 1 000 \u20ac, immatricul\u00e9e au Registre du Commerce et des Soci\u00e9t\u00e9s (RCS) de Dijon sous le num\u00e9ro 932 176 514 R.C.S. Dijon. Si\u00e8ge social : 10 impasse du petit montant, [&hellip;]","og_url":"https:\/\/vestige-capital.fr\/index.php\/mentions-legales\/","og_site_name":"Vestige","article_modified_time":"2024-10-21T08:26:59+00:00","twitter_card":"summary_large_image","twitter_misc":{"Est. reading time":"2 minutes"},"schema":{"@context":"https:\/\/schema.org","@graph":[{"@type":"WebPage","@id":"https:\/\/vestige-capital.fr\/index.php\/mentions-legales\/","url":"https:\/\/vestige-capital.fr\/index.php\/mentions-legales\/","name":"Mentions l\u00e9gales - Vestige","isPartOf":{"@id":"https:\/\/vestige-capital.fr\/#website"},"datePublished":"2024-10-21T08:16:14+00:00","dateModified":"2024-10-21T08:26:59+00:00","breadcrumb":{"@id":"https:\/\/vestige-capital.fr\/index.php\/mentions-legales\/#breadcrumb"},"inLanguage":"en-US","potentialAction":[{"@type":"ReadAction","target":["https:\/\/vestige-capital.fr\/index.php\/mentions-legales\/"]}]},{"@type":"BreadcrumbList","@id":"https:\/\/vestige-capital.fr\/index.php\/mentions-legales\/#breadcrumb","itemListElement":[{"@type":"ListItem","position":1,"name":"Accueil","item":"https:\/\/vestige-capital.fr\/"},{"@type":"ListItem","position":2,"name":"Mentions l\u00e9gales"}]},{"@type":"WebSite","@id":"https:\/\/vestige-capital.fr\/#website","url":"https:\/\/vestige-capital.fr\/","name":"Vestige","description":"R\u00e9inventer l&#039;immobilier en valorisant le patrimoine\u200b","publisher":{"@id":"https:\/\/vestige-capital.fr\/#organization"},"potentialAction":[{"@type":"SearchAction","target":{"@type":"EntryPoint","urlTemplate":"https:\/\/vestige-capital.fr\/?s={search_term_string}"},"query-input":{"@type":"PropertyValueSpecification","valueRequired":true,"valueName":"search_term_string"}}],"inLanguage":"en-US"},{"@type":"Organization","@id":"https:\/\/vestige-capital.fr\/#organization","name":"Vestige","url":"https:\/\/vestige-capital.fr\/","logo":{"@type":"ImageObject","inLanguage":"en-US","@id":"https:\/\/vestige-capital.fr\/#\/schema\/logo\/image\/","url":"https:\/\/vestige-capital.fr\/wp-content\/uploads\/2024\/09\/logo_complet_blanc-e1726647750405.png","contentUrl":"https:\/\/vestige-capital.fr\/wp-content\/uploads\/2024\/09\/logo_complet_blanc-e1726647750405.png","width":2095,"height":335,"caption":"Vestige"},"image":{"@id":"https:\/\/vestige-capital.fr\/#\/schema\/logo\/image\/"}}]}},"_links":{"self":[{"href":"https:\/\/vestige-capital.fr\/index.php\/wp-json\/wp\/v2\/pages\/965","targetHints":{"allow":["GET"]}}],"collection":[{"href":"https:\/\/vestige-capital.fr\/index.php\/wp-json\/wp\/v2\/pages"}],"about":[{"href":"https:\/\/vestige-capital.fr\/index.php\/wp-json\/wp\/v2\/types\/page"}],"author":[{"embeddable":true,"href":"https:\/\/vestige-capital.fr\/index.php\/wp-json\/wp\/v2\/users\/1"}],"replies":[{"embeddable":true,"href":"https:\/\/vestige-capital.fr\/index.php\/wp-json\/wp\/v2\/comments?post=965"}],"version-history":[{"count":11,"href":"https:\/\/vestige-capital.fr\/index.php\/wp-json\/wp\/v2\/pages\/965\/revisions"}],"predecessor-version":[{"id":979,"href":"https:\/\/vestige-capital.fr\/index.php\/wp-json\/wp\/v2\/pages\/965\/revisions\/979"}],"wp:attachment":[{"href":"https:\/\/vestige-capital.fr\/index.php\/wp-json\/wp\/v2\/media?parent=965"}],"curies":[{"name":"wp","href":"https:\/\/api.w.org\/{rel}","templated":true}]}}