{"id":40,"date":"2024-09-18T10:14:32","date_gmt":"2024-09-18T08:14:32","guid":{"rendered":"https:\/\/vestige-capital.fr\/?page_id=40"},"modified":"2025-01-16T09:19:53","modified_gmt":"2025-01-16T08:19:53","slug":"savoir-faire","status":"publish","type":"page","link":"https:\/\/vestige-capital.fr\/index.php\/savoir-faire\/","title":{"rendered":"Savoir faire"},"content":{"rendered":"\t\t<div data-elementor-type=\"wp-page\" data-elementor-id=\"40\" class=\"elementor elementor-40\" data-elementor-post-type=\"page\">\n\t\t\t\t<div class=\"elementor-element elementor-element-c0889e6 e-flex e-con-boxed e-con e-parent\" data-id=\"c0889e6\" data-element_type=\"container\" data-e-type=\"container\" data-settings=\"{&quot;background_background&quot;:&quot;classic&quot;}\">\n\t\t\t\t\t<div class=\"e-con-inner\">\n\t\t\t\t<div class=\"elementor-element elementor-element-77dcac0 elementor-invisible elementor-widget elementor-widget-heading\" data-id=\"77dcac0\" data-element_type=\"widget\" data-e-type=\"widget\" data-settings=\"{&quot;_animation&quot;:&quot;fadeInUp&quot;}\" data-widget_type=\"heading.default\">\n\t\t\t\t<div class=\"elementor-widget-container\">\n\t\t\t\t\t<h1 class=\"elementor-heading-title elementor-size-default\">A venir...<\/h1>\t\t\t\t<\/div>\n\t\t\t\t<\/div>\n\t\t\t\t\t<\/div>\n\t\t\t\t<\/div>\n\t\t<div class=\"elementor-element elementor-element-cc70e51 e-flex e-con-boxed e-con e-parent\" data-id=\"cc70e51\" data-element_type=\"container\" data-e-type=\"container\" data-settings=\"{&quot;background_background&quot;:&quot;classic&quot;}\">\n\t\t\t\t\t<div class=\"e-con-inner\">\n\t\t<div class=\"elementor-element elementor-element-9b57d8d e-con-full e-flex e-con e-child\" data-id=\"9b57d8d\" data-element_type=\"container\" data-e-type=\"container\" data-settings=\"{&quot;background_background&quot;:&quot;classic&quot;}\">\n\t\t<div class=\"elementor-element elementor-element-a07211e e-con-full e-flex e-con e-child\" data-id=\"a07211e\" data-element_type=\"container\" data-e-type=\"container\">\n\t\t\t\t<div class=\"elementor-element elementor-element-a028c13 elementor-invisible elementor-widget elementor-widget-heading\" data-id=\"a028c13\" data-element_type=\"widget\" data-e-type=\"widget\" data-settings=\"{&quot;_animation&quot;:&quot;fadeInUp&quot;}\" data-widget_type=\"heading.default\">\n\t\t\t\t<div class=\"elementor-widget-container\">\n\t\t\t\t\t<h1 class=\"elementor-heading-title elementor-size-default\">Un savoir faire humain<\/h1>\t\t\t\t<\/div>\n\t\t\t\t<\/div>\n\t\t\t\t<div class=\"elementor-element elementor-element-d6342da elementor-widget elementor-widget-text-editor\" data-id=\"d6342da\" data-element_type=\"widget\" data-e-type=\"widget\" data-widget_type=\"text-editor.default\">\n\t\t\t\t<div class=\"elementor-widget-container\">\n\t\t\t\t\t\t\t\t\t<p>Plus que de simples projets, nos r\u00e9alisations incarnent notre passion pour l&#8217;immobilier et notre engagement envers la pr\u00e9servation et le renouveau du patrimoine.<\/p><p>Chaque r\u00e9alisation t\u00e9moigne de notre volont\u00e9 d\u2019investir notre c\u0153ur et notre expertise pour transformer, embellir et valoriser ces b\u00e2timents uniques, contribuant ainsi \u00e0 enrichir notre patrimoine.<\/p>\t\t\t\t\t\t\t\t<\/div>\n\t\t\t\t<\/div>\n\t\t\t\t<\/div>\n\t\t<div class=\"elementor-element elementor-element-382b129 e-con-full e-flex e-con e-child\" data-id=\"382b129\" data-element_type=\"container\" data-e-type=\"container\">\n\t\t\t\t<div class=\"elementor-element elementor-element-dae2de6 elementor-hidden-mobile elementor-widget elementor-widget-image\" data-id=\"dae2de6\" data-element_type=\"widget\" data-e-type=\"widget\" data-widget_type=\"image.default\">\n\t\t\t\t<div class=\"elementor-widget-container\">\n\t\t\t\t\t\t\t\t\t\t\t\t\t\t\t<img fetchpriority=\"high\" decoding=\"async\" width=\"500\" height=\"500\" src=\"https:\/\/vestige-capital.fr\/wp-content\/uploads\/2025\/01\/2.png\" class=\"attachment-large size-large wp-image-1088\" alt=\"\" srcset=\"https:\/\/vestige-capital.fr\/wp-content\/uploads\/2025\/01\/2.png 500w, https:\/\/vestige-capital.fr\/wp-content\/uploads\/2025\/01\/2-300x300.png 300w, https:\/\/vestige-capital.fr\/wp-content\/uploads\/2025\/01\/2-150x150.png 150w\" sizes=\"(max-width: 500px) 100vw, 500px\" \/>\t\t\t\t\t\t\t\t\t\t\t\t\t\t\t<\/div>\n\t\t\t\t<\/div>\n\t\t\t\t<\/div>\n\t\t\t\t<\/div>\n\t\t\t\t\t<\/div>\n\t\t\t\t<\/div>\n\t\t\t\t<\/div>\n\t\t","protected":false},"excerpt":{"rendered":"<p>A venir&#8230; Un savoir faire humain Plus que de simples projets, nos r\u00e9alisations incarnent notre passion pour l&#8217;immobilier et notre engagement envers la pr\u00e9servation et le renouveau du patrimoine. Chaque r\u00e9alisation t\u00e9moigne de notre volont\u00e9 d\u2019investir notre c\u0153ur et notre expertise pour transformer, embellir et valoriser ces b\u00e2timents uniques, contribuant ainsi \u00e0 enrichir notre patrimoine.<\/p>\n","protected":false},"author":1,"featured_media":0,"parent":0,"menu_order":0,"comment_status":"closed","ping_status":"closed","template":"elementor_header_footer","meta":{"footnotes":""},"class_list":["post-40","page","type-page","status-publish","hentry","entry"],"yoast_head":"<!-- This site is optimized with the Yoast SEO plugin v27.3 - https:\/\/yoast.com\/product\/yoast-seo-wordpress\/ -->\n<title>Savoir faire - Vestige<\/title>\n<meta name=\"robots\" content=\"index, follow, max-snippet:-1, max-image-preview:large, max-video-preview:-1\" \/>\n<link rel=\"canonical\" href=\"https:\/\/vestige-capital.fr\/index.php\/savoir-faire\/\" \/>\n<meta property=\"og:locale\" content=\"en_US\" \/>\n<meta property=\"og:type\" content=\"article\" \/>\n<meta property=\"og:title\" content=\"Savoir faire - Vestige\" \/>\n<meta property=\"og:description\" content=\"A venir&#8230; Un savoir faire humain Plus que de simples projets, nos r\u00e9alisations incarnent notre passion pour l&#8217;immobilier et notre engagement envers la pr\u00e9servation et le renouveau du patrimoine. Chaque r\u00e9alisation t\u00e9moigne de notre volont\u00e9 d\u2019investir notre c\u0153ur et notre expertise pour transformer, embellir et valoriser ces b\u00e2timents uniques, contribuant ainsi \u00e0 enrichir notre patrimoine.\" \/>\n<meta property=\"og:url\" content=\"https:\/\/vestige-capital.fr\/index.php\/savoir-faire\/\" \/>\n<meta property=\"og:site_name\" content=\"Vestige\" \/>\n<meta property=\"article:modified_time\" content=\"2025-01-16T08:19:53+00:00\" \/>\n<meta property=\"og:image\" content=\"http:\/\/vestige-capital.fr\/wp-content\/uploads\/2025\/01\/2.png\" \/>\n<meta name=\"twitter:card\" content=\"summary_large_image\" \/>\n<meta name=\"twitter:label1\" content=\"Est. reading time\" \/>\n\t<meta name=\"twitter:data1\" content=\"1 minute\" \/>\n<script type=\"application\/ld+json\" class=\"yoast-schema-graph\">{\"@context\":\"https:\\\/\\\/schema.org\",\"@graph\":[{\"@type\":\"WebPage\",\"@id\":\"https:\\\/\\\/vestige-capital.fr\\\/index.php\\\/savoir-faire\\\/\",\"url\":\"https:\\\/\\\/vestige-capital.fr\\\/index.php\\\/savoir-faire\\\/\",\"name\":\"Savoir faire - Vestige\",\"isPartOf\":{\"@id\":\"https:\\\/\\\/vestige-capital.fr\\\/#website\"},\"primaryImageOfPage\":{\"@id\":\"https:\\\/\\\/vestige-capital.fr\\\/index.php\\\/savoir-faire\\\/#primaryimage\"},\"image\":{\"@id\":\"https:\\\/\\\/vestige-capital.fr\\\/index.php\\\/savoir-faire\\\/#primaryimage\"},\"thumbnailUrl\":\"http:\\\/\\\/vestige-capital.fr\\\/wp-content\\\/uploads\\\/2025\\\/01\\\/2.png\",\"datePublished\":\"2024-09-18T08:14:32+00:00\",\"dateModified\":\"2025-01-16T08:19:53+00:00\",\"breadcrumb\":{\"@id\":\"https:\\\/\\\/vestige-capital.fr\\\/index.php\\\/savoir-faire\\\/#breadcrumb\"},\"inLanguage\":\"en-US\",\"potentialAction\":[{\"@type\":\"ReadAction\",\"target\":[\"https:\\\/\\\/vestige-capital.fr\\\/index.php\\\/savoir-faire\\\/\"]}]},{\"@type\":\"ImageObject\",\"inLanguage\":\"en-US\",\"@id\":\"https:\\\/\\\/vestige-capital.fr\\\/index.php\\\/savoir-faire\\\/#primaryimage\",\"url\":\"https:\\\/\\\/vestige-capital.fr\\\/wp-content\\\/uploads\\\/2025\\\/01\\\/2.png\",\"contentUrl\":\"https:\\\/\\\/vestige-capital.fr\\\/wp-content\\\/uploads\\\/2025\\\/01\\\/2.png\",\"width\":500,\"height\":500},{\"@type\":\"BreadcrumbList\",\"@id\":\"https:\\\/\\\/vestige-capital.fr\\\/index.php\\\/savoir-faire\\\/#breadcrumb\",\"itemListElement\":[{\"@type\":\"ListItem\",\"position\":1,\"name\":\"Accueil\",\"item\":\"https:\\\/\\\/vestige-capital.fr\\\/\"},{\"@type\":\"ListItem\",\"position\":2,\"name\":\"Savoir faire\"}]},{\"@type\":\"WebSite\",\"@id\":\"https:\\\/\\\/vestige-capital.fr\\\/#website\",\"url\":\"https:\\\/\\\/vestige-capital.fr\\\/\",\"name\":\"Vestige\",\"description\":\"R\u00e9inventer l&#039;immobilier en valorisant le patrimoine\u200b\",\"publisher\":{\"@id\":\"https:\\\/\\\/vestige-capital.fr\\\/#organization\"},\"potentialAction\":[{\"@type\":\"SearchAction\",\"target\":{\"@type\":\"EntryPoint\",\"urlTemplate\":\"https:\\\/\\\/vestige-capital.fr\\\/?s={search_term_string}\"},\"query-input\":{\"@type\":\"PropertyValueSpecification\",\"valueRequired\":true,\"valueName\":\"search_term_string\"}}],\"inLanguage\":\"en-US\"},{\"@type\":\"Organization\",\"@id\":\"https:\\\/\\\/vestige-capital.fr\\\/#organization\",\"name\":\"Vestige\",\"url\":\"https:\\\/\\\/vestige-capital.fr\\\/\",\"logo\":{\"@type\":\"ImageObject\",\"inLanguage\":\"en-US\",\"@id\":\"https:\\\/\\\/vestige-capital.fr\\\/#\\\/schema\\\/logo\\\/image\\\/\",\"url\":\"https:\\\/\\\/vestige-capital.fr\\\/wp-content\\\/uploads\\\/2024\\\/09\\\/logo_complet_blanc-e1726647750405.png\",\"contentUrl\":\"https:\\\/\\\/vestige-capital.fr\\\/wp-content\\\/uploads\\\/2024\\\/09\\\/logo_complet_blanc-e1726647750405.png\",\"width\":2095,\"height\":335,\"caption\":\"Vestige\"},\"image\":{\"@id\":\"https:\\\/\\\/vestige-capital.fr\\\/#\\\/schema\\\/logo\\\/image\\\/\"}}]}<\/script>\n<!-- \/ Yoast SEO plugin. -->","yoast_head_json":{"title":"Savoir faire - Vestige","robots":{"index":"index","follow":"follow","max-snippet":"max-snippet:-1","max-image-preview":"max-image-preview:large","max-video-preview":"max-video-preview:-1"},"canonical":"https:\/\/vestige-capital.fr\/index.php\/savoir-faire\/","og_locale":"en_US","og_type":"article","og_title":"Savoir faire - Vestige","og_description":"A venir&#8230; Un savoir faire humain Plus que de simples projets, nos r\u00e9alisations incarnent notre passion pour l&#8217;immobilier et notre engagement envers la pr\u00e9servation et le renouveau du patrimoine. Chaque r\u00e9alisation t\u00e9moigne de notre volont\u00e9 d\u2019investir notre c\u0153ur et notre expertise pour transformer, embellir et valoriser ces b\u00e2timents uniques, contribuant ainsi \u00e0 enrichir notre patrimoine.","og_url":"https:\/\/vestige-capital.fr\/index.php\/savoir-faire\/","og_site_name":"Vestige","article_modified_time":"2025-01-16T08:19:53+00:00","og_image":[{"url":"http:\/\/vestige-capital.fr\/wp-content\/uploads\/2025\/01\/2.png","type":"","width":"","height":""}],"twitter_card":"summary_large_image","twitter_misc":{"Est. reading time":"1 minute"},"schema":{"@context":"https:\/\/schema.org","@graph":[{"@type":"WebPage","@id":"https:\/\/vestige-capital.fr\/index.php\/savoir-faire\/","url":"https:\/\/vestige-capital.fr\/index.php\/savoir-faire\/","name":"Savoir faire - Vestige","isPartOf":{"@id":"https:\/\/vestige-capital.fr\/#website"},"primaryImageOfPage":{"@id":"https:\/\/vestige-capital.fr\/index.php\/savoir-faire\/#primaryimage"},"image":{"@id":"https:\/\/vestige-capital.fr\/index.php\/savoir-faire\/#primaryimage"},"thumbnailUrl":"http:\/\/vestige-capital.fr\/wp-content\/uploads\/2025\/01\/2.png","datePublished":"2024-09-18T08:14:32+00:00","dateModified":"2025-01-16T08:19:53+00:00","breadcrumb":{"@id":"https:\/\/vestige-capital.fr\/index.php\/savoir-faire\/#breadcrumb"},"inLanguage":"en-US","potentialAction":[{"@type":"ReadAction","target":["https:\/\/vestige-capital.fr\/index.php\/savoir-faire\/"]}]},{"@type":"ImageObject","inLanguage":"en-US","@id":"https:\/\/vestige-capital.fr\/index.php\/savoir-faire\/#primaryimage","url":"https:\/\/vestige-capital.fr\/wp-content\/uploads\/2025\/01\/2.png","contentUrl":"https:\/\/vestige-capital.fr\/wp-content\/uploads\/2025\/01\/2.png","width":500,"height":500},{"@type":"BreadcrumbList","@id":"https:\/\/vestige-capital.fr\/index.php\/savoir-faire\/#breadcrumb","itemListElement":[{"@type":"ListItem","position":1,"name":"Accueil","item":"https:\/\/vestige-capital.fr\/"},{"@type":"ListItem","position":2,"name":"Savoir faire"}]},{"@type":"WebSite","@id":"https:\/\/vestige-capital.fr\/#website","url":"https:\/\/vestige-capital.fr\/","name":"Vestige","description":"R\u00e9inventer l&#039;immobilier en valorisant le patrimoine\u200b","publisher":{"@id":"https:\/\/vestige-capital.fr\/#organization"},"potentialAction":[{"@type":"SearchAction","target":{"@type":"EntryPoint","urlTemplate":"https:\/\/vestige-capital.fr\/?s={search_term_string}"},"query-input":{"@type":"PropertyValueSpecification","valueRequired":true,"valueName":"search_term_string"}}],"inLanguage":"en-US"},{"@type":"Organization","@id":"https:\/\/vestige-capital.fr\/#organization","name":"Vestige","url":"https:\/\/vestige-capital.fr\/","logo":{"@type":"ImageObject","inLanguage":"en-US","@id":"https:\/\/vestige-capital.fr\/#\/schema\/logo\/image\/","url":"https:\/\/vestige-capital.fr\/wp-content\/uploads\/2024\/09\/logo_complet_blanc-e1726647750405.png","contentUrl":"https:\/\/vestige-capital.fr\/wp-content\/uploads\/2024\/09\/logo_complet_blanc-e1726647750405.png","width":2095,"height":335,"caption":"Vestige"},"image":{"@id":"https:\/\/vestige-capital.fr\/#\/schema\/logo\/image\/"}}]}},"_links":{"self":[{"href":"https:\/\/vestige-capital.fr\/index.php\/wp-json\/wp\/v2\/pages\/40","targetHints":{"allow":["GET"]}}],"collection":[{"href":"https:\/\/vestige-capital.fr\/index.php\/wp-json\/wp\/v2\/pages"}],"about":[{"href":"https:\/\/vestige-capital.fr\/index.php\/wp-json\/wp\/v2\/types\/page"}],"author":[{"embeddable":true,"href":"https:\/\/vestige-capital.fr\/index.php\/wp-json\/wp\/v2\/users\/1"}],"replies":[{"embeddable":true,"href":"https:\/\/vestige-capital.fr\/index.php\/wp-json\/wp\/v2\/comments?post=40"}],"version-history":[{"count":25,"href":"https:\/\/vestige-capital.fr\/index.php\/wp-json\/wp\/v2\/pages\/40\/revisions"}],"predecessor-version":[{"id":1094,"href":"https:\/\/vestige-capital.fr\/index.php\/wp-json\/wp\/v2\/pages\/40\/revisions\/1094"}],"wp:attachment":[{"href":"https:\/\/vestige-capital.fr\/index.php\/wp-json\/wp\/v2\/media?parent=40"}],"curies":[{"name":"wp","href":"https:\/\/api.w.org\/{rel}","templated":true}]}}