{"id":36,"date":"2024-09-18T10:14:01","date_gmt":"2024-09-18T08:14:01","guid":{"rendered":"https:\/\/vestige-capital.fr\/?page_id=36"},"modified":"2024-10-28T13:33:58","modified_gmt":"2024-10-28T12:33:58","slug":"contact","status":"publish","type":"page","link":"https:\/\/vestige-capital.fr\/index.php\/contact\/","title":{"rendered":"Contact"},"content":{"rendered":"\t\t<div data-elementor-type=\"wp-page\" data-elementor-id=\"36\" class=\"elementor elementor-36\" data-elementor-post-type=\"page\">\n\t\t\t\t<div class=\"elementor-element elementor-element-9b8c3ab e-flex e-con-boxed e-con e-parent\" data-id=\"9b8c3ab\" data-element_type=\"container\" data-e-type=\"container\" data-settings=\"{&quot;background_background&quot;:&quot;classic&quot;}\">\n\t\t\t\t\t<div class=\"e-con-inner\">\n\t\t<div class=\"elementor-element elementor-element-fee6601 e-con-full e-flex e-con e-child\" data-id=\"fee6601\" data-element_type=\"container\" data-e-type=\"container\">\n\t\t\t\t<div class=\"elementor-element elementor-element-a59cf98 elementor-hidden-mobile elementor-widget elementor-widget-image\" data-id=\"a59cf98\" data-element_type=\"widget\" data-e-type=\"widget\" data-widget_type=\"image.default\">\n\t\t\t\t<div class=\"elementor-widget-container\">\n\t\t\t\t\t\t\t\t\t\t\t\t\t\t\t<img fetchpriority=\"high\" decoding=\"async\" width=\"500\" height=\"500\" src=\"https:\/\/vestige-capital.fr\/wp-content\/uploads\/2024\/10\/1.png\" class=\"attachment-large size-large wp-image-401\" alt=\"\" srcset=\"https:\/\/vestige-capital.fr\/wp-content\/uploads\/2024\/10\/1.png 500w, https:\/\/vestige-capital.fr\/wp-content\/uploads\/2024\/10\/1-300x300.png 300w, https:\/\/vestige-capital.fr\/wp-content\/uploads\/2024\/10\/1-150x150.png 150w\" sizes=\"(max-width: 500px) 100vw, 500px\" \/>\t\t\t\t\t\t\t\t\t\t\t\t\t\t\t<\/div>\n\t\t\t\t<\/div>\n\t\t\t\t<\/div>\n\t\t<div class=\"elementor-element elementor-element-1d773af e-con-full e-flex e-con e-child\" data-id=\"1d773af\" data-element_type=\"container\" data-e-type=\"container\">\n\t\t\t\t<div class=\"elementor-element elementor-element-632863b elementor-invisible elementor-widget elementor-widget-heading\" data-id=\"632863b\" data-element_type=\"widget\" data-e-type=\"widget\" data-settings=\"{&quot;_animation&quot;:&quot;fadeInUp&quot;}\" data-widget_type=\"heading.default\">\n\t\t\t\t<div class=\"elementor-widget-container\">\n\t\t\t\t\t<h1 class=\"elementor-heading-title elementor-size-default\">Investissez \u00e0 nos c\u00f4t\u00e9s !<\/h1>\t\t\t\t<\/div>\n\t\t\t\t<\/div>\n\t\t\t\t<div class=\"elementor-element elementor-element-cbce329 elementor-widget elementor-widget-text-editor\" data-id=\"cbce329\" data-element_type=\"widget\" data-e-type=\"widget\" data-widget_type=\"text-editor.default\">\n\t\t\t\t<div class=\"elementor-widget-container\">\n\t\t\t\t\t\t\t\t\t<p>Vous avez un projet immobilier ou des questions sur nos r\u00e9alisations pass\u00e9es ? Chez Vestige, nous croyons que chaque projet est unique. C&#8217;est pourquoi nous sommes \u00e0 votre \u00e9coute pour vous accompagner dans toutes les \u00e9tapes de votre investissement !<\/p>\t\t\t\t\t\t\t\t<\/div>\n\t\t\t\t<\/div>\n\t\t\t\t<\/div>\n\t\t\t\t\t<\/div>\n\t\t\t\t<\/div>\n\t\t<div class=\"elementor-element elementor-element-3afa2c4 e-flex e-con-boxed e-con e-parent\" data-id=\"3afa2c4\" data-element_type=\"container\" data-e-type=\"container\">\n\t\t\t\t\t<div class=\"e-con-inner\">\n\t\t\t\t<div class=\"elementor-element elementor-element-841cc16 elementor-widget elementor-widget-heading\" data-id=\"841cc16\" data-element_type=\"widget\" data-e-type=\"widget\" data-settings=\"{&quot;_animation&quot;:&quot;none&quot;}\" data-widget_type=\"heading.default\">\n\t\t\t\t<div class=\"elementor-widget-container\">\n\t\t\t\t\t<h1 class=\"elementor-heading-title elementor-size-default\">Nous sommes \u00e0 votre \u00e9coute<\/h1>\t\t\t\t<\/div>\n\t\t\t\t<\/div>\n\t\t\t\t\t<\/div>\n\t\t\t\t<\/div>\n\t\t<div class=\"elementor-element elementor-element-33276a2 e-flex e-con-boxed e-con e-parent\" data-id=\"33276a2\" data-element_type=\"container\" data-e-type=\"container\">\n\t\t\t\t\t<div class=\"e-con-inner\">\n\t\t\t\t<div class=\"elementor-element elementor-element-b8cf522 elementor-widget elementor-widget-formidable\" data-id=\"b8cf522\" data-element_type=\"widget\" data-e-type=\"widget\" data-widget_type=\"formidable.default\">\n\t\t\t\t<div class=\"elementor-widget-container\">\n\t\t\t\t\t<div class=\"frm_forms  with_frm_style frm_style_style-formidable\" id=\"frm_form_3_container\" data-token=\"2511989d6a036c1842ed22f188485e8c\">\n<form enctype=\"multipart\/form-data\" method=\"post\" class=\"frm-show-form \" id=\"form_formulaire-de-contact\" data-token=\"2511989d6a036c1842ed22f188485e8c\">\n<div class=\"frm_form_fields \">\n<fieldset>\n<legend class=\"frm_screen_reader\">Formulaire de contact<\/legend>\r\n\r\n<div class=\"frm_fields_container\">\n<input type=\"hidden\" name=\"frm_action\" value=\"create\" \/>\n<input type=\"hidden\" name=\"form_id\" value=\"3\" \/>\n<input type=\"hidden\" name=\"frm_hide_fields_3\" id=\"frm_hide_fields_3\" value=\"\" \/>\n<input type=\"hidden\" name=\"form_key\" value=\"formulaire-de-contact\" \/>\n<input type=\"hidden\" name=\"item_meta[0]\" value=\"\" \/>\n<input type=\"hidden\" id=\"frm_submit_entry_3\" name=\"frm_submit_entry_3\" value=\"d3d3787d31\" \/><input type=\"hidden\" name=\"_wp_http_referer\" value=\"\/index.php\/wp-json\/wp\/v2\/pages\/36\" \/><div id=\"frm_field_7_container\" class=\"frm_form_field form-field  frm_required_field frm_top_container frm_first frm_half\">\r\n\t<label for=\"field_qh4icy2\" id=\"field_qh4icy2_label\" class=\"frm_primary_label\">Pr\u00e9nom\r\n\t\t<span class=\"frm_required\" aria-hidden=\"true\">*<\/span>\r\n\t<\/label>\r\n\t<input type=\"text\" id=\"field_qh4icy2\" name=\"item_meta[7]\" value=\"\"  data-reqmsg=\"Pr\u00e9nom ne peut pas \u00eatre vide.\" aria-required=\"true\" data-invmsg=\"Pr\u00e9nom est non valide\" aria-invalid=\"false\"  \/>\r\n\t\r\n\t\r\n<\/div>\n<div id=\"frm_field_8_container\" class=\"frm_form_field form-field  frm_required_field frm_hidden_container frm_half\">\r\n\t<label for=\"field_ocfup12\" id=\"field_ocfup12_label\" class=\"frm_primary_label\">Nom\r\n\t\t<span class=\"frm_required\" aria-hidden=\"true\">*<\/span>\r\n\t<\/label>\r\n\t<input type=\"text\" id=\"field_ocfup12\" name=\"item_meta[8]\" value=\"\"  data-reqmsg=\"Nom ne peut pas \u00eatre vide.\" aria-required=\"true\" data-invmsg=\"Nom est non valide\" aria-invalid=\"false\"  \/>\r\n\t\r\n\t\r\n<\/div>\n<div id=\"frm_field_9_container\" class=\"frm_form_field form-field  frm_required_field frm_top_container frm_full\">\r\n\t<label for=\"field_29yf4d2\" id=\"field_29yf4d2_label\" class=\"frm_primary_label\">Email\r\n\t\t<span class=\"frm_required\" aria-hidden=\"true\">*<\/span>\r\n\t<\/label>\r\n\t<input type=\"email\" id=\"field_29yf4d2\" name=\"item_meta[9]\" value=\"\"  data-reqmsg=\"Email ne peut pas \u00eatre vide.\" aria-required=\"true\" data-invmsg=\"Please enter a valid email address\" aria-invalid=\"false\"  \/>\r\n\t\r\n\t\r\n<\/div>\n<div id=\"frm_field_10_container\" class=\"frm_form_field form-field  frm_required_field frm_top_container frm_full\">\r\n\t<label for=\"field_e6lis62\" id=\"field_e6lis62_label\" class=\"frm_primary_label\">Sujet\r\n\t\t<span class=\"frm_required\" aria-hidden=\"true\">*<\/span>\r\n\t<\/label>\r\n\t<input type=\"text\" id=\"field_e6lis62\" name=\"item_meta[10]\" value=\"\"  data-reqmsg=\"Sujet ne peut pas \u00eatre vide.\" aria-required=\"true\" data-invmsg=\"Sujet est non valide\" aria-invalid=\"false\"  \/>\r\n\t\r\n\t\r\n<\/div>\n<div id=\"frm_field_11_container\" class=\"frm_form_field form-field  frm_required_field frm_top_container frm_full\">\r\n\t<label for=\"field_9jv0r12\" id=\"field_9jv0r12_label\" class=\"frm_primary_label\">Votre message\r\n\t\t<span class=\"frm_required\" aria-hidden=\"true\">*<\/span>\r\n\t<\/label>\r\n\t<textarea name=\"item_meta[11]\" id=\"field_9jv0r12\" rows=\"5\"  data-reqmsg=\"Votre message ne peut pas \u00eatre vide.\" aria-required=\"true\" data-invmsg=\"Votre message is invalid\" aria-invalid=\"false\"  ><\/textarea>\r\n\t\r\n\t\r\n<\/div>\n<div id=\"frm_field_12_container\" class=\"frm_form_field form-field \">\r\n\t<div class=\"frm_submit\">\r\n\r\n<button class=\"frm_button_submit\" type=\"submit\"  >Envoyer<\/button>\r\n\r\n<\/div>\r\n<\/div>\n\t<input type=\"hidden\" name=\"item_key\" value=\"\" \/>\n\t\t\t<div id=\"frm_field_14_container\">\n\t\t\t<label for=\"field_ffl3z\" >\n\t\t\t\tIf you are human, leave this field blank.\t\t\t<\/label>\n\t\t\t<input  id=\"field_ffl3z\" type=\"text\" class=\"frm_form_field form-field frm_verify\" name=\"item_meta[14]\" value=\"\"  \/>\n\t\t<\/div>\n\t\t<input name=\"frm_state\" type=\"hidden\" value=\"1Mii05+MZfZuBw1UonL1OGEgHGjCHALMzq4C0tNZbmw=\" \/><\/div>\n<\/fieldset>\n<\/div>\n\n<\/form>\n<\/div>\n\t\t\t\t<\/div>\n\t\t\t\t<\/div>\n\t\t\t\t\t<\/div>\n\t\t\t\t<\/div>\n\t\t\t\t<\/div>\n\t\t","protected":false},"excerpt":{"rendered":"<p>Investissez \u00e0 nos c\u00f4t\u00e9s ! Vous avez un projet immobilier ou des questions sur nos r\u00e9alisations pass\u00e9es ? Chez Vestige, nous croyons que chaque projet est unique. C&#8217;est pourquoi nous sommes \u00e0 votre \u00e9coute pour vous accompagner dans toutes les \u00e9tapes de votre investissement ! Nous sommes \u00e0 votre \u00e9coute Formulaire de contact Pr\u00e9nom * [&hellip;]<\/p>\n","protected":false},"author":1,"featured_media":0,"parent":0,"menu_order":0,"comment_status":"closed","ping_status":"closed","template":"elementor_header_footer","meta":{"footnotes":""},"class_list":["post-36","page","type-page","status-publish","hentry","entry"],"yoast_head":"<!-- This site is optimized with the Yoast SEO plugin v27.3 - https:\/\/yoast.com\/product\/yoast-seo-wordpress\/ -->\n<title>Contact - Vestige<\/title>\n<meta name=\"robots\" content=\"index, follow, max-snippet:-1, max-image-preview:large, max-video-preview:-1\" \/>\n<link rel=\"canonical\" href=\"https:\/\/vestige-capital.fr\/index.php\/contact\/\" \/>\n<meta property=\"og:locale\" content=\"en_US\" \/>\n<meta property=\"og:type\" content=\"article\" \/>\n<meta property=\"og:title\" content=\"Contact - Vestige\" \/>\n<meta property=\"og:description\" content=\"Investissez \u00e0 nos c\u00f4t\u00e9s ! Vous avez un projet immobilier ou des questions sur nos r\u00e9alisations pass\u00e9es ? Chez Vestige, nous croyons que chaque projet est unique. C&#8217;est pourquoi nous sommes \u00e0 votre \u00e9coute pour vous accompagner dans toutes les \u00e9tapes de votre investissement ! Nous sommes \u00e0 votre \u00e9coute Formulaire de contact Pr\u00e9nom * [&hellip;]\" \/>\n<meta property=\"og:url\" content=\"https:\/\/vestige-capital.fr\/index.php\/contact\/\" \/>\n<meta property=\"og:site_name\" content=\"Vestige\" \/>\n<meta property=\"article:modified_time\" content=\"2024-10-28T12:33:58+00:00\" \/>\n<meta property=\"og:image\" content=\"http:\/\/vestige-capital.fr\/wp-content\/uploads\/2024\/10\/1.png\" \/>\n<meta name=\"twitter:card\" content=\"summary_large_image\" \/>\n<meta name=\"twitter:label1\" content=\"Est. reading time\" \/>\n\t<meta name=\"twitter:data1\" content=\"1 minute\" \/>\n<script type=\"application\/ld+json\" class=\"yoast-schema-graph\">{\"@context\":\"https:\\\/\\\/schema.org\",\"@graph\":[{\"@type\":\"WebPage\",\"@id\":\"https:\\\/\\\/vestige-capital.fr\\\/index.php\\\/contact\\\/\",\"url\":\"https:\\\/\\\/vestige-capital.fr\\\/index.php\\\/contact\\\/\",\"name\":\"Contact - Vestige\",\"isPartOf\":{\"@id\":\"https:\\\/\\\/vestige-capital.fr\\\/#website\"},\"primaryImageOfPage\":{\"@id\":\"https:\\\/\\\/vestige-capital.fr\\\/index.php\\\/contact\\\/#primaryimage\"},\"image\":{\"@id\":\"https:\\\/\\\/vestige-capital.fr\\\/index.php\\\/contact\\\/#primaryimage\"},\"thumbnailUrl\":\"http:\\\/\\\/vestige-capital.fr\\\/wp-content\\\/uploads\\\/2024\\\/10\\\/1.png\",\"datePublished\":\"2024-09-18T08:14:01+00:00\",\"dateModified\":\"2024-10-28T12:33:58+00:00\",\"breadcrumb\":{\"@id\":\"https:\\\/\\\/vestige-capital.fr\\\/index.php\\\/contact\\\/#breadcrumb\"},\"inLanguage\":\"en-US\",\"potentialAction\":[{\"@type\":\"ReadAction\",\"target\":[\"https:\\\/\\\/vestige-capital.fr\\\/index.php\\\/contact\\\/\"]}]},{\"@type\":\"ImageObject\",\"inLanguage\":\"en-US\",\"@id\":\"https:\\\/\\\/vestige-capital.fr\\\/index.php\\\/contact\\\/#primaryimage\",\"url\":\"https:\\\/\\\/vestige-capital.fr\\\/wp-content\\\/uploads\\\/2024\\\/10\\\/1.png\",\"contentUrl\":\"https:\\\/\\\/vestige-capital.fr\\\/wp-content\\\/uploads\\\/2024\\\/10\\\/1.png\",\"width\":500,\"height\":500},{\"@type\":\"BreadcrumbList\",\"@id\":\"https:\\\/\\\/vestige-capital.fr\\\/index.php\\\/contact\\\/#breadcrumb\",\"itemListElement\":[{\"@type\":\"ListItem\",\"position\":1,\"name\":\"Accueil\",\"item\":\"https:\\\/\\\/vestige-capital.fr\\\/\"},{\"@type\":\"ListItem\",\"position\":2,\"name\":\"Contact\"}]},{\"@type\":\"WebSite\",\"@id\":\"https:\\\/\\\/vestige-capital.fr\\\/#website\",\"url\":\"https:\\\/\\\/vestige-capital.fr\\\/\",\"name\":\"Vestige\",\"description\":\"R\u00e9inventer l&#039;immobilier en valorisant le patrimoine\u200b\",\"publisher\":{\"@id\":\"https:\\\/\\\/vestige-capital.fr\\\/#organization\"},\"potentialAction\":[{\"@type\":\"SearchAction\",\"target\":{\"@type\":\"EntryPoint\",\"urlTemplate\":\"https:\\\/\\\/vestige-capital.fr\\\/?s={search_term_string}\"},\"query-input\":{\"@type\":\"PropertyValueSpecification\",\"valueRequired\":true,\"valueName\":\"search_term_string\"}}],\"inLanguage\":\"en-US\"},{\"@type\":\"Organization\",\"@id\":\"https:\\\/\\\/vestige-capital.fr\\\/#organization\",\"name\":\"Vestige\",\"url\":\"https:\\\/\\\/vestige-capital.fr\\\/\",\"logo\":{\"@type\":\"ImageObject\",\"inLanguage\":\"en-US\",\"@id\":\"https:\\\/\\\/vestige-capital.fr\\\/#\\\/schema\\\/logo\\\/image\\\/\",\"url\":\"https:\\\/\\\/vestige-capital.fr\\\/wp-content\\\/uploads\\\/2024\\\/09\\\/logo_complet_blanc-e1726647750405.png\",\"contentUrl\":\"https:\\\/\\\/vestige-capital.fr\\\/wp-content\\\/uploads\\\/2024\\\/09\\\/logo_complet_blanc-e1726647750405.png\",\"width\":2095,\"height\":335,\"caption\":\"Vestige\"},\"image\":{\"@id\":\"https:\\\/\\\/vestige-capital.fr\\\/#\\\/schema\\\/logo\\\/image\\\/\"}}]}<\/script>\n<!-- \/ Yoast SEO plugin. -->","yoast_head_json":{"title":"Contact - Vestige","robots":{"index":"index","follow":"follow","max-snippet":"max-snippet:-1","max-image-preview":"max-image-preview:large","max-video-preview":"max-video-preview:-1"},"canonical":"https:\/\/vestige-capital.fr\/index.php\/contact\/","og_locale":"en_US","og_type":"article","og_title":"Contact - Vestige","og_description":"Investissez \u00e0 nos c\u00f4t\u00e9s ! Vous avez un projet immobilier ou des questions sur nos r\u00e9alisations pass\u00e9es ? Chez Vestige, nous croyons que chaque projet est unique. C&#8217;est pourquoi nous sommes \u00e0 votre \u00e9coute pour vous accompagner dans toutes les \u00e9tapes de votre investissement ! Nous sommes \u00e0 votre \u00e9coute Formulaire de contact Pr\u00e9nom * [&hellip;]","og_url":"https:\/\/vestige-capital.fr\/index.php\/contact\/","og_site_name":"Vestige","article_modified_time":"2024-10-28T12:33:58+00:00","og_image":[{"url":"http:\/\/vestige-capital.fr\/wp-content\/uploads\/2024\/10\/1.png","type":"","width":"","height":""}],"twitter_card":"summary_large_image","twitter_misc":{"Est. reading time":"1 minute"},"schema":{"@context":"https:\/\/schema.org","@graph":[{"@type":"WebPage","@id":"https:\/\/vestige-capital.fr\/index.php\/contact\/","url":"https:\/\/vestige-capital.fr\/index.php\/contact\/","name":"Contact - Vestige","isPartOf":{"@id":"https:\/\/vestige-capital.fr\/#website"},"primaryImageOfPage":{"@id":"https:\/\/vestige-capital.fr\/index.php\/contact\/#primaryimage"},"image":{"@id":"https:\/\/vestige-capital.fr\/index.php\/contact\/#primaryimage"},"thumbnailUrl":"http:\/\/vestige-capital.fr\/wp-content\/uploads\/2024\/10\/1.png","datePublished":"2024-09-18T08:14:01+00:00","dateModified":"2024-10-28T12:33:58+00:00","breadcrumb":{"@id":"https:\/\/vestige-capital.fr\/index.php\/contact\/#breadcrumb"},"inLanguage":"en-US","potentialAction":[{"@type":"ReadAction","target":["https:\/\/vestige-capital.fr\/index.php\/contact\/"]}]},{"@type":"ImageObject","inLanguage":"en-US","@id":"https:\/\/vestige-capital.fr\/index.php\/contact\/#primaryimage","url":"https:\/\/vestige-capital.fr\/wp-content\/uploads\/2024\/10\/1.png","contentUrl":"https:\/\/vestige-capital.fr\/wp-content\/uploads\/2024\/10\/1.png","width":500,"height":500},{"@type":"BreadcrumbList","@id":"https:\/\/vestige-capital.fr\/index.php\/contact\/#breadcrumb","itemListElement":[{"@type":"ListItem","position":1,"name":"Accueil","item":"https:\/\/vestige-capital.fr\/"},{"@type":"ListItem","position":2,"name":"Contact"}]},{"@type":"WebSite","@id":"https:\/\/vestige-capital.fr\/#website","url":"https:\/\/vestige-capital.fr\/","name":"Vestige","description":"R\u00e9inventer l&#039;immobilier en valorisant le patrimoine\u200b","publisher":{"@id":"https:\/\/vestige-capital.fr\/#organization"},"potentialAction":[{"@type":"SearchAction","target":{"@type":"EntryPoint","urlTemplate":"https:\/\/vestige-capital.fr\/?s={search_term_string}"},"query-input":{"@type":"PropertyValueSpecification","valueRequired":true,"valueName":"search_term_string"}}],"inLanguage":"en-US"},{"@type":"Organization","@id":"https:\/\/vestige-capital.fr\/#organization","name":"Vestige","url":"https:\/\/vestige-capital.fr\/","logo":{"@type":"ImageObject","inLanguage":"en-US","@id":"https:\/\/vestige-capital.fr\/#\/schema\/logo\/image\/","url":"https:\/\/vestige-capital.fr\/wp-content\/uploads\/2024\/09\/logo_complet_blanc-e1726647750405.png","contentUrl":"https:\/\/vestige-capital.fr\/wp-content\/uploads\/2024\/09\/logo_complet_blanc-e1726647750405.png","width":2095,"height":335,"caption":"Vestige"},"image":{"@id":"https:\/\/vestige-capital.fr\/#\/schema\/logo\/image\/"}}]}},"_links":{"self":[{"href":"https:\/\/vestige-capital.fr\/index.php\/wp-json\/wp\/v2\/pages\/36","targetHints":{"allow":["GET"]}}],"collection":[{"href":"https:\/\/vestige-capital.fr\/index.php\/wp-json\/wp\/v2\/pages"}],"about":[{"href":"https:\/\/vestige-capital.fr\/index.php\/wp-json\/wp\/v2\/types\/page"}],"author":[{"embeddable":true,"href":"https:\/\/vestige-capital.fr\/index.php\/wp-json\/wp\/v2\/users\/1"}],"replies":[{"embeddable":true,"href":"https:\/\/vestige-capital.fr\/index.php\/wp-json\/wp\/v2\/comments?post=36"}],"version-history":[{"count":135,"href":"https:\/\/vestige-capital.fr\/index.php\/wp-json\/wp\/v2\/pages\/36\/revisions"}],"predecessor-version":[{"id":1000,"href":"https:\/\/vestige-capital.fr\/index.php\/wp-json\/wp\/v2\/pages\/36\/revisions\/1000"}],"wp:attachment":[{"href":"https:\/\/vestige-capital.fr\/index.php\/wp-json\/wp\/v2\/media?parent=36"}],"curies":[{"name":"wp","href":"https:\/\/api.w.org\/{rel}","templated":true}]}}