{"id":212,"date":"2024-09-20T14:58:50","date_gmt":"2024-09-20T12:58:50","guid":{"rendered":"https:\/\/vestige-capital.fr\/?page_id=212"},"modified":"2025-05-01T10:18:38","modified_gmt":"2025-05-01T08:18:38","slug":"nos-realisations","status":"publish","type":"page","link":"https:\/\/vestige-capital.fr\/index.php\/nos-realisations\/","title":{"rendered":"Nos r\u00e9alisations"},"content":{"rendered":"\t\t<div data-elementor-type=\"wp-page\" data-elementor-id=\"212\" class=\"elementor elementor-212\" data-elementor-post-type=\"page\">\n\t\t\t\t<div class=\"elementor-element elementor-element-c40fcd7 e-flex e-con-boxed e-con e-parent\" data-id=\"c40fcd7\" data-element_type=\"container\" data-e-type=\"container\" data-settings=\"{&quot;background_background&quot;:&quot;classic&quot;}\">\n\t\t\t\t\t<div class=\"e-con-inner\">\n\t\t<div class=\"elementor-element elementor-element-b1f9c41 e-con-full e-flex e-con e-child\" data-id=\"b1f9c41\" data-element_type=\"container\" data-e-type=\"container\" data-settings=\"{&quot;background_background&quot;:&quot;classic&quot;}\">\n\t\t<div class=\"elementor-element elementor-element-d166dd4 e-con-full e-flex e-con e-child\" data-id=\"d166dd4\" data-element_type=\"container\" data-e-type=\"container\">\n\t\t\t\t<div class=\"elementor-element elementor-element-745fe42 elementor-invisible elementor-widget elementor-widget-heading\" data-id=\"745fe42\" data-element_type=\"widget\" data-e-type=\"widget\" data-settings=\"{&quot;_animation&quot;:&quot;fadeInUp&quot;}\" data-widget_type=\"heading.default\">\n\t\t\t\t<div class=\"elementor-widget-container\">\n\t\t\t\t\t<h1 class=\"elementor-heading-title elementor-size-default\">D\u00e9couvrez nos r\u00e9alisations<\/h1>\t\t\t\t<\/div>\n\t\t\t\t<\/div>\n\t\t\t\t<div class=\"elementor-element elementor-element-a822fc2 elementor-widget elementor-widget-text-editor\" data-id=\"a822fc2\" data-element_type=\"widget\" data-e-type=\"widget\" data-widget_type=\"text-editor.default\">\n\t\t\t\t<div class=\"elementor-widget-container\">\n\t\t\t\t\t\t\t\t\t<p>Plus que de simples projets, nos r\u00e9alisations incarnent notre passion pour l&#8217;immobilier et notre engagement envers la pr\u00e9servation et le renouveau du patrimoine.<\/p><p>Chaque r\u00e9alisation t\u00e9moigne de notre volont\u00e9 d\u2019investir notre c\u0153ur et notre expertise pour transformer, embellir et valoriser ces b\u00e2timents uniques, contribuant ainsi \u00e0 enrichir notre patrimoine.<\/p>\t\t\t\t\t\t\t\t<\/div>\n\t\t\t\t<\/div>\n\t\t\t\t<\/div>\n\t\t<div class=\"elementor-element elementor-element-1edc394 e-con-full e-flex e-con e-child\" data-id=\"1edc394\" data-element_type=\"container\" data-e-type=\"container\">\n\t\t\t\t<div class=\"elementor-element elementor-element-68645b7 elementor-hidden-mobile elementor-widget elementor-widget-image\" data-id=\"68645b7\" data-element_type=\"widget\" data-e-type=\"widget\" data-widget_type=\"image.default\">\n\t\t\t\t<div class=\"elementor-widget-container\">\n\t\t\t\t\t\t\t\t\t\t\t\t\t\t\t<img fetchpriority=\"high\" decoding=\"async\" width=\"500\" height=\"500\" src=\"https:\/\/vestige-capital.fr\/wp-content\/uploads\/2024\/11\/Image-500-x-500-px-8.png\" class=\"attachment-large size-large wp-image-1055\" alt=\"\" srcset=\"https:\/\/vestige-capital.fr\/wp-content\/uploads\/2024\/11\/Image-500-x-500-px-8.png 500w, https:\/\/vestige-capital.fr\/wp-content\/uploads\/2024\/11\/Image-500-x-500-px-8-300x300.png 300w, https:\/\/vestige-capital.fr\/wp-content\/uploads\/2024\/11\/Image-500-x-500-px-8-150x150.png 150w\" sizes=\"(max-width: 500px) 100vw, 500px\" \/>\t\t\t\t\t\t\t\t\t\t\t\t\t\t\t<\/div>\n\t\t\t\t<\/div>\n\t\t\t\t<\/div>\n\t\t\t\t<\/div>\n\t\t\t\t\t<\/div>\n\t\t\t\t<\/div>\n\t\t<div class=\"elementor-element elementor-element-2901f24 e-flex e-con-boxed e-con e-parent\" data-id=\"2901f24\" data-element_type=\"container\" data-e-type=\"container\">\n\t\t\t\t\t<div class=\"e-con-inner\">\n\t\t<div class=\"elementor-element elementor-element-02ff540 e-con-full e-flex e-con e-child\" data-id=\"02ff540\" data-element_type=\"container\" data-e-type=\"container\">\n\t\t\t\t<div class=\"elementor-element elementor-element-05cc057 elementor-widget elementor-widget-video\" data-id=\"05cc057\" data-element_type=\"widget\" data-e-type=\"widget\" data-settings=\"{&quot;youtube_url&quot;:&quot;https:\\\/\\\/youtu.be\\\/LGoIHpI_GvE&quot;,&quot;video_type&quot;:&quot;youtube&quot;,&quot;controls&quot;:&quot;yes&quot;}\" data-widget_type=\"video.default\">\n\t\t\t\t<div class=\"elementor-widget-container\">\n\t\t\t\t\t\t\t<div class=\"elementor-wrapper elementor-open-inline\">\n\t\t\t<div class=\"elementor-video\"><\/div>\t\t<\/div>\n\t\t\t\t\t\t<\/div>\n\t\t\t\t<\/div>\n\t\t\t\t<\/div>\n\t\t<div class=\"elementor-element elementor-element-2afab79 e-con-full e-flex e-con e-child\" data-id=\"2afab79\" data-element_type=\"container\" data-e-type=\"container\">\n\t\t\t\t<div class=\"elementor-element elementor-element-b0e32bd elementor-invisible elementor-widget elementor-widget-heading\" data-id=\"b0e32bd\" data-element_type=\"widget\" data-e-type=\"widget\" data-settings=\"{&quot;_animation&quot;:&quot;fadeInUp&quot;}\" data-widget_type=\"heading.default\">\n\t\t\t\t<div class=\"elementor-widget-container\">\n\t\t\t\t\t<h1 class=\"elementor-heading-title elementor-size-default\">01 - Projet Colombi\u00e8re<\/h1>\t\t\t\t<\/div>\n\t\t\t\t<\/div>\n\t\t\t\t<div class=\"elementor-element elementor-element-e855d74 elementor-widget elementor-widget-text-editor\" data-id=\"e855d74\" data-element_type=\"widget\" data-e-type=\"widget\" data-widget_type=\"text-editor.default\">\n\t\t\t\t<div class=\"elementor-widget-container\">\n\t\t\t\t\t\t\t\t\t<p>R\u00e9novation compl\u00e8te d&#8217;un appartement de 58m2, situ\u00e9 rue de la Colombi\u00e8re, \u00e0 2 pas des all\u00e9es du Parc.<\/p><p>R\u00e9novation en cours&#8230;<\/p>\t\t\t\t\t\t\t\t<\/div>\n\t\t\t\t<\/div>\n\t\t\t\t<\/div>\n\t\t\t\t\t<\/div>\n\t\t\t\t<\/div>\n\t\t<div class=\"elementor-element elementor-element-88ff0b5 elementor-hidden-desktop elementor-hidden-tablet e-flex e-con-boxed e-con e-parent\" data-id=\"88ff0b5\" data-element_type=\"container\" data-e-type=\"container\">\n\t\t\t\t\t<div class=\"e-con-inner\">\n\t\t<div class=\"elementor-element elementor-element-0db15db e-con-full e-flex e-con e-child\" data-id=\"0db15db\" data-element_type=\"container\" data-e-type=\"container\">\n\t\t\t\t<div class=\"elementor-element elementor-element-42ea851 elementor-widget elementor-widget-video\" data-id=\"42ea851\" data-element_type=\"widget\" data-e-type=\"widget\" data-settings=\"{&quot;youtube_url&quot;:&quot;https:\\\/\\\/youtu.be\\\/mp_c9qHJ14s?si=8TTy4IEAYbjfIR4i&quot;,&quot;video_type&quot;:&quot;youtube&quot;,&quot;controls&quot;:&quot;yes&quot;}\" data-widget_type=\"video.default\">\n\t\t\t\t<div class=\"elementor-widget-container\">\n\t\t\t\t\t\t\t<div class=\"elementor-wrapper elementor-open-inline\">\n\t\t\t<div class=\"elementor-video\"><\/div>\t\t<\/div>\n\t\t\t\t\t\t<\/div>\n\t\t\t\t<\/div>\n\t\t\t\t<div class=\"elementor-element elementor-element-638e94c elementor-invisible elementor-widget elementor-widget-heading\" data-id=\"638e94c\" data-element_type=\"widget\" data-e-type=\"widget\" data-settings=\"{&quot;_animation&quot;:&quot;fadeInUp&quot;}\" data-widget_type=\"heading.default\">\n\t\t\t\t<div class=\"elementor-widget-container\">\n\t\t\t\t\t<h1 class=\"elementor-heading-title elementor-size-default\">02 - Projet Le 124<\/h1>\t\t\t\t<\/div>\n\t\t\t\t<\/div>\n\t\t\t\t<div class=\"elementor-element elementor-element-05df161 elementor-widget elementor-widget-text-editor\" data-id=\"05df161\" data-element_type=\"widget\" data-e-type=\"widget\" data-widget_type=\"text-editor.default\">\n\t\t\t\t<div class=\"elementor-widget-container\">\n\t\t\t\t\t\t\t\t\t<p>R\u00e9novation compl\u00e8te d&#8217;un appartement de 35m2 rue d&#8217;Auxonne. Proche de l&#8217;universit\u00e9 de Bourgogne et \u00e0 deux pas du centre ville, cet appartement poss\u00e8de \u00e9galement une petite cours commune.<\/p><p>R\u00e9novation termin\u00e9e, d\u00e9couvrez la vid\u00e9o avant\/apr\u00e8s !<\/p>\t\t\t\t\t\t\t\t<\/div>\n\t\t\t\t<\/div>\n\t\t\t\t<\/div>\n\t\t\t\t\t<\/div>\n\t\t\t\t<\/div>\n\t\t<div class=\"elementor-element elementor-element-30ab0a8 elementor-hidden-mobile e-flex e-con-boxed e-con e-parent\" data-id=\"30ab0a8\" data-element_type=\"container\" data-e-type=\"container\">\n\t\t\t\t\t<div class=\"e-con-inner\">\n\t\t<div class=\"elementor-element elementor-element-034e722 e-con-full e-flex e-con e-child\" data-id=\"034e722\" data-element_type=\"container\" data-e-type=\"container\">\n\t\t\t\t<div class=\"elementor-element elementor-element-f71b968 elementor-invisible elementor-widget elementor-widget-heading\" data-id=\"f71b968\" data-element_type=\"widget\" data-e-type=\"widget\" data-settings=\"{&quot;_animation&quot;:&quot;fadeInUp&quot;}\" data-widget_type=\"heading.default\">\n\t\t\t\t<div class=\"elementor-widget-container\">\n\t\t\t\t\t<h1 class=\"elementor-heading-title elementor-size-default\">02 - Projet Le 124<\/h1>\t\t\t\t<\/div>\n\t\t\t\t<\/div>\n\t\t\t\t<div class=\"elementor-element elementor-element-fa5d2a7 elementor-widget elementor-widget-text-editor\" data-id=\"fa5d2a7\" data-element_type=\"widget\" data-e-type=\"widget\" data-widget_type=\"text-editor.default\">\n\t\t\t\t<div class=\"elementor-widget-container\">\n\t\t\t\t\t\t\t\t\t<p>R\u00e9novation compl\u00e8te d&#8217;un appartement de 35m2 rue d&#8217;Auxonne. Proche de l&#8217;universit\u00e9 de Bourgogne et \u00e0 deux pas du centre ville, cet appartement poss\u00e8de \u00e9galement une petite cours commune.<\/p><p>R\u00e9novation termin\u00e9e, d\u00e9couvrez la vid\u00e9o avant\/apr\u00e8s !<\/p>\t\t\t\t\t\t\t\t<\/div>\n\t\t\t\t<\/div>\n\t\t\t\t<\/div>\n\t\t<div class=\"elementor-element elementor-element-ec98d5f e-con-full e-flex e-con e-child\" data-id=\"ec98d5f\" data-element_type=\"container\" data-e-type=\"container\">\n\t\t\t\t<div class=\"elementor-element elementor-element-ef79da3 elementor-widget elementor-widget-video\" data-id=\"ef79da3\" data-element_type=\"widget\" data-e-type=\"widget\" data-settings=\"{&quot;youtube_url&quot;:&quot;https:\\\/\\\/youtu.be\\\/mp_c9qHJ14s?si=PwWBM0puUSLeS5sN&quot;,&quot;video_type&quot;:&quot;youtube&quot;,&quot;controls&quot;:&quot;yes&quot;}\" data-widget_type=\"video.default\">\n\t\t\t\t<div class=\"elementor-widget-container\">\n\t\t\t\t\t\t\t<div class=\"elementor-wrapper elementor-open-inline\">\n\t\t\t<div class=\"elementor-video\"><\/div>\t\t<\/div>\n\t\t\t\t\t\t<\/div>\n\t\t\t\t<\/div>\n\t\t\t\t<\/div>\n\t\t\t\t\t<\/div>\n\t\t\t\t<\/div>\n\t\t\t\t<\/div>\n\t\t","protected":false},"excerpt":{"rendered":"<p>D\u00e9couvrez nos r\u00e9alisations Plus que de simples projets, nos r\u00e9alisations incarnent notre passion pour l&#8217;immobilier et notre engagement envers la pr\u00e9servation et le renouveau du patrimoine. Chaque r\u00e9alisation t\u00e9moigne de notre volont\u00e9 d\u2019investir notre c\u0153ur et notre expertise pour transformer, embellir et valoriser ces b\u00e2timents uniques, contribuant ainsi \u00e0 enrichir notre patrimoine. 01 &#8211; Projet [&hellip;]<\/p>\n","protected":false},"author":1,"featured_media":0,"parent":0,"menu_order":0,"comment_status":"closed","ping_status":"closed","template":"elementor_header_footer","meta":{"footnotes":""},"class_list":["post-212","page","type-page","status-publish","hentry","entry"],"yoast_head":"<!-- This site is optimized with the Yoast SEO plugin v27.3 - https:\/\/yoast.com\/product\/yoast-seo-wordpress\/ -->\n<title>Nos r\u00e9alisations - Vestige<\/title>\n<meta name=\"robots\" content=\"index, follow, max-snippet:-1, max-image-preview:large, max-video-preview:-1\" \/>\n<link rel=\"canonical\" href=\"https:\/\/vestige-capital.fr\/index.php\/nos-realisations\/\" \/>\n<meta property=\"og:locale\" content=\"en_US\" \/>\n<meta property=\"og:type\" content=\"article\" \/>\n<meta property=\"og:title\" content=\"Nos r\u00e9alisations - Vestige\" \/>\n<meta property=\"og:description\" content=\"D\u00e9couvrez nos r\u00e9alisations Plus que de simples projets, nos r\u00e9alisations incarnent notre passion pour l&#8217;immobilier et notre engagement envers la pr\u00e9servation et le renouveau du patrimoine. Chaque r\u00e9alisation t\u00e9moigne de notre volont\u00e9 d\u2019investir notre c\u0153ur et notre expertise pour transformer, embellir et valoriser ces b\u00e2timents uniques, contribuant ainsi \u00e0 enrichir notre patrimoine. 01 &#8211; Projet [&hellip;]\" \/>\n<meta property=\"og:url\" content=\"https:\/\/vestige-capital.fr\/index.php\/nos-realisations\/\" \/>\n<meta property=\"og:site_name\" content=\"Vestige\" \/>\n<meta property=\"article:modified_time\" content=\"2025-05-01T08:18:38+00:00\" \/>\n<meta property=\"og:image\" content=\"https:\/\/vestige-capital.fr\/wp-content\/uploads\/2024\/11\/Image-500-x-500-px-8.png\" \/>\n\t<meta property=\"og:image:width\" content=\"500\" \/>\n\t<meta property=\"og:image:height\" content=\"500\" \/>\n\t<meta property=\"og:image:type\" content=\"image\/png\" \/>\n<meta name=\"twitter:card\" content=\"summary_large_image\" \/>\n<meta name=\"twitter:label1\" content=\"Est. reading time\" \/>\n\t<meta name=\"twitter:data1\" content=\"1 minute\" \/>\n<script type=\"application\/ld+json\" class=\"yoast-schema-graph\">{\"@context\":\"https:\\\/\\\/schema.org\",\"@graph\":[{\"@type\":\"WebPage\",\"@id\":\"https:\\\/\\\/vestige-capital.fr\\\/index.php\\\/nos-realisations\\\/\",\"url\":\"https:\\\/\\\/vestige-capital.fr\\\/index.php\\\/nos-realisations\\\/\",\"name\":\"Nos r\u00e9alisations - Vestige\",\"isPartOf\":{\"@id\":\"https:\\\/\\\/vestige-capital.fr\\\/#website\"},\"primaryImageOfPage\":{\"@id\":\"https:\\\/\\\/vestige-capital.fr\\\/index.php\\\/nos-realisations\\\/#primaryimage\"},\"image\":{\"@id\":\"https:\\\/\\\/vestige-capital.fr\\\/index.php\\\/nos-realisations\\\/#primaryimage\"},\"thumbnailUrl\":\"http:\\\/\\\/vestige-capital.fr\\\/wp-content\\\/uploads\\\/2024\\\/11\\\/Image-500-x-500-px-8.png\",\"datePublished\":\"2024-09-20T12:58:50+00:00\",\"dateModified\":\"2025-05-01T08:18:38+00:00\",\"breadcrumb\":{\"@id\":\"https:\\\/\\\/vestige-capital.fr\\\/index.php\\\/nos-realisations\\\/#breadcrumb\"},\"inLanguage\":\"en-US\",\"potentialAction\":[{\"@type\":\"ReadAction\",\"target\":[\"https:\\\/\\\/vestige-capital.fr\\\/index.php\\\/nos-realisations\\\/\"]}]},{\"@type\":\"ImageObject\",\"inLanguage\":\"en-US\",\"@id\":\"https:\\\/\\\/vestige-capital.fr\\\/index.php\\\/nos-realisations\\\/#primaryimage\",\"url\":\"https:\\\/\\\/vestige-capital.fr\\\/wp-content\\\/uploads\\\/2024\\\/11\\\/Image-500-x-500-px-8.png\",\"contentUrl\":\"https:\\\/\\\/vestige-capital.fr\\\/wp-content\\\/uploads\\\/2024\\\/11\\\/Image-500-x-500-px-8.png\",\"width\":500,\"height\":500},{\"@type\":\"BreadcrumbList\",\"@id\":\"https:\\\/\\\/vestige-capital.fr\\\/index.php\\\/nos-realisations\\\/#breadcrumb\",\"itemListElement\":[{\"@type\":\"ListItem\",\"position\":1,\"name\":\"Accueil\",\"item\":\"https:\\\/\\\/vestige-capital.fr\\\/\"},{\"@type\":\"ListItem\",\"position\":2,\"name\":\"Nos r\u00e9alisations\"}]},{\"@type\":\"WebSite\",\"@id\":\"https:\\\/\\\/vestige-capital.fr\\\/#website\",\"url\":\"https:\\\/\\\/vestige-capital.fr\\\/\",\"name\":\"Vestige\",\"description\":\"R\u00e9inventer l&#039;immobilier en valorisant le patrimoine\u200b\",\"publisher\":{\"@id\":\"https:\\\/\\\/vestige-capital.fr\\\/#organization\"},\"potentialAction\":[{\"@type\":\"SearchAction\",\"target\":{\"@type\":\"EntryPoint\",\"urlTemplate\":\"https:\\\/\\\/vestige-capital.fr\\\/?s={search_term_string}\"},\"query-input\":{\"@type\":\"PropertyValueSpecification\",\"valueRequired\":true,\"valueName\":\"search_term_string\"}}],\"inLanguage\":\"en-US\"},{\"@type\":\"Organization\",\"@id\":\"https:\\\/\\\/vestige-capital.fr\\\/#organization\",\"name\":\"Vestige\",\"url\":\"https:\\\/\\\/vestige-capital.fr\\\/\",\"logo\":{\"@type\":\"ImageObject\",\"inLanguage\":\"en-US\",\"@id\":\"https:\\\/\\\/vestige-capital.fr\\\/#\\\/schema\\\/logo\\\/image\\\/\",\"url\":\"https:\\\/\\\/vestige-capital.fr\\\/wp-content\\\/uploads\\\/2024\\\/09\\\/logo_complet_blanc-e1726647750405.png\",\"contentUrl\":\"https:\\\/\\\/vestige-capital.fr\\\/wp-content\\\/uploads\\\/2024\\\/09\\\/logo_complet_blanc-e1726647750405.png\",\"width\":2095,\"height\":335,\"caption\":\"Vestige\"},\"image\":{\"@id\":\"https:\\\/\\\/vestige-capital.fr\\\/#\\\/schema\\\/logo\\\/image\\\/\"}}]}<\/script>\n<!-- \/ Yoast SEO plugin. -->","yoast_head_json":{"title":"Nos r\u00e9alisations - Vestige","robots":{"index":"index","follow":"follow","max-snippet":"max-snippet:-1","max-image-preview":"max-image-preview:large","max-video-preview":"max-video-preview:-1"},"canonical":"https:\/\/vestige-capital.fr\/index.php\/nos-realisations\/","og_locale":"en_US","og_type":"article","og_title":"Nos r\u00e9alisations - Vestige","og_description":"D\u00e9couvrez nos r\u00e9alisations Plus que de simples projets, nos r\u00e9alisations incarnent notre passion pour l&#8217;immobilier et notre engagement envers la pr\u00e9servation et le renouveau du patrimoine. Chaque r\u00e9alisation t\u00e9moigne de notre volont\u00e9 d\u2019investir notre c\u0153ur et notre expertise pour transformer, embellir et valoriser ces b\u00e2timents uniques, contribuant ainsi \u00e0 enrichir notre patrimoine. 01 &#8211; Projet [&hellip;]","og_url":"https:\/\/vestige-capital.fr\/index.php\/nos-realisations\/","og_site_name":"Vestige","article_modified_time":"2025-05-01T08:18:38+00:00","og_image":[{"width":500,"height":500,"url":"https:\/\/vestige-capital.fr\/wp-content\/uploads\/2024\/11\/Image-500-x-500-px-8.png","type":"image\/png"}],"twitter_card":"summary_large_image","twitter_misc":{"Est. reading time":"1 minute"},"schema":{"@context":"https:\/\/schema.org","@graph":[{"@type":"WebPage","@id":"https:\/\/vestige-capital.fr\/index.php\/nos-realisations\/","url":"https:\/\/vestige-capital.fr\/index.php\/nos-realisations\/","name":"Nos r\u00e9alisations - Vestige","isPartOf":{"@id":"https:\/\/vestige-capital.fr\/#website"},"primaryImageOfPage":{"@id":"https:\/\/vestige-capital.fr\/index.php\/nos-realisations\/#primaryimage"},"image":{"@id":"https:\/\/vestige-capital.fr\/index.php\/nos-realisations\/#primaryimage"},"thumbnailUrl":"http:\/\/vestige-capital.fr\/wp-content\/uploads\/2024\/11\/Image-500-x-500-px-8.png","datePublished":"2024-09-20T12:58:50+00:00","dateModified":"2025-05-01T08:18:38+00:00","breadcrumb":{"@id":"https:\/\/vestige-capital.fr\/index.php\/nos-realisations\/#breadcrumb"},"inLanguage":"en-US","potentialAction":[{"@type":"ReadAction","target":["https:\/\/vestige-capital.fr\/index.php\/nos-realisations\/"]}]},{"@type":"ImageObject","inLanguage":"en-US","@id":"https:\/\/vestige-capital.fr\/index.php\/nos-realisations\/#primaryimage","url":"https:\/\/vestige-capital.fr\/wp-content\/uploads\/2024\/11\/Image-500-x-500-px-8.png","contentUrl":"https:\/\/vestige-capital.fr\/wp-content\/uploads\/2024\/11\/Image-500-x-500-px-8.png","width":500,"height":500},{"@type":"BreadcrumbList","@id":"https:\/\/vestige-capital.fr\/index.php\/nos-realisations\/#breadcrumb","itemListElement":[{"@type":"ListItem","position":1,"name":"Accueil","item":"https:\/\/vestige-capital.fr\/"},{"@type":"ListItem","position":2,"name":"Nos r\u00e9alisations"}]},{"@type":"WebSite","@id":"https:\/\/vestige-capital.fr\/#website","url":"https:\/\/vestige-capital.fr\/","name":"Vestige","description":"R\u00e9inventer l&#039;immobilier en valorisant le patrimoine\u200b","publisher":{"@id":"https:\/\/vestige-capital.fr\/#organization"},"potentialAction":[{"@type":"SearchAction","target":{"@type":"EntryPoint","urlTemplate":"https:\/\/vestige-capital.fr\/?s={search_term_string}"},"query-input":{"@type":"PropertyValueSpecification","valueRequired":true,"valueName":"search_term_string"}}],"inLanguage":"en-US"},{"@type":"Organization","@id":"https:\/\/vestige-capital.fr\/#organization","name":"Vestige","url":"https:\/\/vestige-capital.fr\/","logo":{"@type":"ImageObject","inLanguage":"en-US","@id":"https:\/\/vestige-capital.fr\/#\/schema\/logo\/image\/","url":"https:\/\/vestige-capital.fr\/wp-content\/uploads\/2024\/09\/logo_complet_blanc-e1726647750405.png","contentUrl":"https:\/\/vestige-capital.fr\/wp-content\/uploads\/2024\/09\/logo_complet_blanc-e1726647750405.png","width":2095,"height":335,"caption":"Vestige"},"image":{"@id":"https:\/\/vestige-capital.fr\/#\/schema\/logo\/image\/"}}]}},"_links":{"self":[{"href":"https:\/\/vestige-capital.fr\/index.php\/wp-json\/wp\/v2\/pages\/212","targetHints":{"allow":["GET"]}}],"collection":[{"href":"https:\/\/vestige-capital.fr\/index.php\/wp-json\/wp\/v2\/pages"}],"about":[{"href":"https:\/\/vestige-capital.fr\/index.php\/wp-json\/wp\/v2\/types\/page"}],"author":[{"embeddable":true,"href":"https:\/\/vestige-capital.fr\/index.php\/wp-json\/wp\/v2\/users\/1"}],"replies":[{"embeddable":true,"href":"https:\/\/vestige-capital.fr\/index.php\/wp-json\/wp\/v2\/comments?post=212"}],"version-history":[{"count":62,"href":"https:\/\/vestige-capital.fr\/index.php\/wp-json\/wp\/v2\/pages\/212\/revisions"}],"predecessor-version":[{"id":1113,"href":"https:\/\/vestige-capital.fr\/index.php\/wp-json\/wp\/v2\/pages\/212\/revisions\/1113"}],"wp:attachment":[{"href":"https:\/\/vestige-capital.fr\/index.php\/wp-json\/wp\/v2\/media?parent=212"}],"curies":[{"name":"wp","href":"https:\/\/api.w.org\/{rel}","templated":true}]}}